{"id":44,"date":"2022-05-20T11:49:13","date_gmt":"2022-05-20T11:49:13","guid":{"rendered":"https:\/\/abliving.com\/?page_id=44"},"modified":"2022-10-27T16:19:59","modified_gmt":"2022-10-27T16:19:59","slug":"aviso-legal","status":"publish","type":"page","link":"https:\/\/abliving.com\/es\/aviso-legal\/","title":{"rendered":"Aviso Legal"},"content":{"rendered":"<p>Por favor, lea todos los apartados del presente Aviso Legal antes de utilizar este sitio web. Las siguientes condiciones son vinculantes para cualquier usuario del mismo.<\/p>\n<p>En cumplimiento con el deber de informaci\u00f3n dispuesto en la Ley 34\/2002 de Servicios de la Sociedad de la Informaci\u00f3n y el Comercio Electr\u00f3nico (LSSI-CE) de 11 de julio, se facilitan a continuaci\u00f3n los siguientes datos de informaci\u00f3n general de este sitio web.<\/p>\n<p>La raz\u00f3n de este texto es explicarle de manera detallada las funcionalidades de esta web y aportarle aquella informaci\u00f3n relacionada con el titular de la web y la finalidad de los contenidos incluidos en ella.<\/p>\n<h2>DATOS IDENTIFICACI\u00d3N<\/h2>\n<p>El presente Aviso Legal regula el uso del servicio del sitio web abliving.com inform\u00e1ndole en cumplimiento de la Ley 34\/2002, de 11 de julio, de Servicios de la Sociedad de la Informaci\u00f3n y de Comercio Electr\u00f3nico, de los siguientes extremos:<\/p>\n<p><strong>Denominaci\u00f3n social:<\/strong> Albir Center S.L. (en lo sucesivo Ab Living)<\/p>\n<p><strong>C\u00f3digo de Identificaci\u00f3n Fiscal (CIF):<\/strong> B 53406161<\/p>\n<p><strong>Domicilio Social:<\/strong> C\/ Verderol 5, 03581, El ALbir, Alicante (Espa\u00f1a)<\/p>\n<p><strong>Correo Electr\u00f3nico:<\/strong> <a href=\"mailto:gdpr@shawellnessclinic.com\">gdpr@shawellnessclinic.com<\/a><\/p>\n<p><strong>Tel\u00e9fono de contacto:<\/strong> <strong>+34<\/strong> 965 850 812<\/p>\n<p><strong>Datos Registrales:<\/strong>\u00a0Inscrita en el Registro Mercantil de Alicante, al tomo 2258, folio 5, secci\u00f3n 8\u00aa, Hoja A54916.<\/p>\n<p><strong>Representante legal:<\/strong> Alfredo Nestor Bataller Parietti,\u00a0con DNI\/NIF n\u00famero 29198391-Y<\/p>\n<h2>USO DEL SITIO WEB Y OBLIGACIONES DE LOS USUARIOS.<\/h2>\n<p>El usuario se compromete a utilizar el sitio web, el contenido y servicios, sin contravenir la legislaci\u00f3n vigente, los usos generalmente aceptados y el orden p\u00fablico. Queda prohibido el uso del sitio web con fines il\u00edcitos o lesivos contra AB LIVING o un tercero, que, de cualquier forma, puedan causar perjuicio o impedir el normal uso del sitio web.<\/p>\n<p>AB LIVING garantiza que los contenidos y servicios que ofrece el portal respetan el principio de dignidad de la persona, de protecci\u00f3n de la juventud y la infancia, de no-discriminaci\u00f3n por motivos de raza, sexo, religi\u00f3n, opini\u00f3n, nacionalidad, discapacidad o cualquier otro aspecto personal y social.<\/p>\n<p>Las presentes Condiciones Generales de Uso del sitio web no confieren al usuario ning\u00fan otro derecho de uso, alteraci\u00f3n, explotaci\u00f3n, reproducci\u00f3n, distribuci\u00f3n o comunicaci\u00f3n p\u00fablica de los contenidos del sitio web distintos de los aqu\u00ed expresamente previstos.<\/p>\n<p>Los contenidos (informaci\u00f3n, archivos de sonido y\/o imagen, fotograf\u00edas, dise\u00f1os, etc.) recogidos en el portal, son propiedad de AB LIVING o la misma se encuentra debidamente autorizada para su difusi\u00f3n por sus leg\u00edtimos titulares.<\/p>\n<p>AB LIVING se compromete a no realizar publicidad enga\u00f1osa y por tanto, queda prohibido:<\/p>\n<ul>\n<li>El uso para todo tipo de fines comerciales o publicitarios, distintos de los estrictamente permitidos.<\/li>\n<li>Su reproducci\u00f3n, publicaci\u00f3n, distribuci\u00f3n o modificaci\u00f3n, total o parcial a menos que se cuente con la autorizaci\u00f3n previa y por escrito de sus leg\u00edtimos titulares o resulte legalmente permitido.<\/li>\n<li>Cualquier vulneraci\u00f3n de los derechos de AB LIVING o de sus leg\u00edtimos titulares sobre los mismos.<\/li>\n<\/ul>\n<h2>PROPIEDAD INTELECTUAL E INDUSTRIAL<\/h2>\n<p>El usuario reconoce y acepta que todos los derechos de propiedad industrial e intelectual sobre los contenidos y\/o cualesquiera otros elementos insertados en el sitio web pertenecen a AB LIVING o la misma se encuentra debidamente autorizada para su difusi\u00f3n en el presente website.<\/p>\n<p>En el caso de que un usuario o un tercero consideren que se ha producido una violaci\u00f3n de sus leg\u00edtimos derechos de propiedad intelectual por la introducci\u00f3n de un determinado contenido en el website, deber\u00e1 notificar dicha circunstancia a AB LIVING indicando:<\/p>\n<ul>\n<li>Datos del titular de los derechos presuntamente infringidos, o indicar la representaci\u00f3n con la que act\u00faa en caso de que la reclamaci\u00f3n la presente un tercero distinto del interesado.<\/li>\n<li>Se\u00f1alar los contenidos protegidos por los derechos de propiedad intelectual y su ubicaci\u00f3n en el Web, la acreditaci\u00f3n de los derechos de propiedad intelectual se\u00f1alados y declaraci\u00f3n expresa en la que el interesado se responsabiliza de la veracidad de las informaciones facilitadas en la notificaci\u00f3n.<\/li>\n<\/ul>\n<h2>ENLACES<\/h2>\n<p>El presente sitio web proporciona enlaces a otros sitios web del grupo y contenidos que pueden ser propiedad de terceros.<\/p>\n<p>El \u00fanico objeto de los enlaces es proporcionar al usuario la posibilidad de acceder a dichos enlaces. AB LIVING no se responsabiliza en ning\u00fan caso de los resultados que puedan derivarse al usuario por el acceso a dichos enlaces.<\/p>\n<p>El usuario que se proponga establecer cualquier dispositivo t\u00e9cnico de enlace desde su sitio web al portal deber\u00e1 obtener la autorizaci\u00f3n previa y escrita de ALBIR HILLS RESORT, S.A.U.. El establecimiento del enlace no implica en ning\u00fan caso la existencia de relaciones entre AB LIVING y el propietario del sitio en el que se establezca el enlace, ni la aceptaci\u00f3n o aprobaci\u00f3n por parte de AB LIVING de sus contenidos o servicios.<\/p>\n<p>El sitio web en el que se establezca el enlace no contendr\u00e1 ninguna marca, denominaci\u00f3n, logotipo, eslogan u otros signos distintivos pertenecientes a ALBIR HILLS RESORT, S.A.U., salvo los expresamente autorizados.<\/p>\n<h2>MODIFICACI\u00d3N UNILATERAL Y DURACI\u00d3N<\/h2>\n<p>AB LIVING se reserva el derecho de modificar, en cualquier momento y sin necesidad de previo aviso, la presentaci\u00f3n y configuraci\u00f3n del sitioweb, as\u00ed como el presente Aviso Legal.<\/p>\n<p>EXCLUSI\u00d3N DE GARANT\u00cdAS Y RESPONSABILIDAD<\/p>\n<p>AB LIVING no otorga ninguna garant\u00eda ni se hace responsable, en ning\u00fan caso, de los da\u00f1os y perjuicios de cualquier naturaleza que pudieran acarrear a causa de:<\/p>\n<ul>\n<li>La falta disponibilidad, mantenimiento y efectivo funcionamiento del Web y\/o de sus servicios o contenidos.<\/li>\n<li>La existencia de virus, programas maliciosos o lesivos en los contenidos.<\/li>\n<li>El uso il\u00edcito, negligente, fraudulento, contrario a las presentes condiciones, a la buena fe, a los usos generalmente aceptados o al orden p\u00fablico, del sitio Web, sus servicios o contenidos, por parte de los usuarios.<\/li>\n<\/ul>\n<h2>TRATAMIENTO DE DATOS PERSONALES<\/h2>\n<p>AB LIVING tal y como recoge en su \u201cPOL\u00cdTICA DE PRIVACIDAD\u201d que puede consultar en este sitio web, ha adoptado los niveles de seguridad adecuados a los datos que trata y gestiona, incorporando todos los medios y medidas t\u00e9cnicas a su alcance para garantizar su confidencialidad, evitar su mal uso, p\u00e9rdida, alteraci\u00f3n, acceso no autorizado y robo.<\/p>\n<h2>LEGISLACI\u00d3N APLICABLE Y JURISDICCI\u00d3N<\/h2>\n<p>Para la resoluci\u00f3n de todas las controversias o cuestiones relacionadas con el presente sitio web o de las actividades en \u00e9l desarrolladas, ser\u00e1 de aplicaci\u00f3n la legislaci\u00f3n espa\u00f1ola, a la que se someten expresamente las partes, siendo competentes para la resoluci\u00f3n de todos los conflictos derivados o relacionados con su uso, los Juzgados y Tribunales del domicilio del demandante que se identifique como consumidor, en caso contrario los Juzgados y Tribunales competentes ser\u00e1n los de la ciudad de Alicante, sitos en la provincia de Alicante (Espa\u00f1a)<\/p>\n<h2>CONTACTO<\/h2>\n<p>En caso de que cualquier usuario tuviese alguna duda acerca del presente aviso legal o cualquier comentario sobre el mismo puede dirigirse a: gdpr@shawellnessclinic.com o enviar una comunicaci\u00f3n escrita a la direcci\u00f3n que consta en el encabezado.<\/p>\n","protected":false},"excerpt":{"rendered":"<p>Por favor, lea todos los apartados del presente Aviso Legal antes de utilizar este sitio web. Las siguientes condiciones son [&hellip;]<\/p>\n","protected":false},"author":3,"featured_media":0,"parent":0,"menu_order":0,"comment_status":"closed","ping_status":"closed","template":"","meta":{"inline_featured_image":false,"footnotes":""},"class_list":["post-44","page","type-page","status-publish","hentry"],"acf":[],"_links":{"self":[{"href":"https:\/\/abliving.com\/es\/wp-json\/wp\/v2\/pages\/44","targetHints":{"allow":["GET"]}}],"collection":[{"href":"https:\/\/abliving.com\/es\/wp-json\/wp\/v2\/pages"}],"about":[{"href":"https:\/\/abliving.com\/es\/wp-json\/wp\/v2\/types\/page"}],"author":[{"embeddable":true,"href":"https:\/\/abliving.com\/es\/wp-json\/wp\/v2\/users\/3"}],"replies":[{"embeddable":true,"href":"https:\/\/abliving.com\/es\/wp-json\/wp\/v2\/comments?post=44"}],"version-history":[{"count":2,"href":"https:\/\/abliving.com\/es\/wp-json\/wp\/v2\/pages\/44\/revisions"}],"predecessor-version":[{"id":1464,"href":"https:\/\/abliving.com\/es\/wp-json\/wp\/v2\/pages\/44\/revisions\/1464"}],"wp:attachment":[{"href":"https:\/\/abliving.com\/es\/wp-json\/wp\/v2\/media?parent=44"}],"curies":[{"name":"wp","href":"https:\/\/api.w.org\/{rel}","templated":true}]}}