{"id":52,"date":"2022-05-20T11:50:03","date_gmt":"2022-05-20T11:50:03","guid":{"rendered":"https:\/\/abliving.com\/?page_id=52"},"modified":"2022-10-28T09:09:10","modified_gmt":"2022-10-28T09:09:10","slug":"politica-de-privacidad","status":"publish","type":"page","link":"https:\/\/abliving.com\/es\/politica-de-privacidad\/","title":{"rendered":"Pol\u00edtica de privacidad"},"content":{"rendered":"<p>AB Living le informa seguidamente de su pol\u00edtica de privacidad aplicada a los datos personales. El uso de la p\u00e1gina web no implica que el usuario deba suministrar informaci\u00f3n alguna respecto a su identidad, no pudiendo ser asociada a un usuario concreto por la empresa. En el supuesto que se suministre datos de car\u00e1cter de personal, estos datos ser\u00e1n recogidos y utilizados conforme a las limitaciones y los derechos recogidos en la citada norma.<\/p>\n<h3><a name=\"_Toc530642023\"><\/a>\u00bfQUI\u00c9N ES EL RESPONSABLE DEL TRATAMIENTO DE SUS DATOS?<\/h3>\n<p><a name=\"_Toc530642024\"><\/a><strong>RESPONSABLE DEL TRATAMIENTO: <\/strong>Albir Center S.L. (en adelante AB Living)<\/p>\n<p><strong>CIF: <\/strong>B 53406161<\/p>\n<p><strong>Direcci\u00f3n Postal:<\/strong> C\/ Verderol, n.\u00ba 5, 03581, El Albir, Alicante (Espa\u00f1a)<\/p>\n<p><strong>Correo electr\u00f3nico de contacto con delegada de protecci\u00f3n de datos: <\/strong><u>gdpr@shawellnessclinic.com <\/u><\/p>\n<h3>\u00bfQU\u00c9 TIPO DE DATOS TRATAMOS?<\/h3>\n<p>Dependiendo de los productos, servicios o funcionalidades de los que quiera disfrutar en cada momento necesitaremos tratar unos datos u otros.\u00a0 En general dichos datos, ser\u00e1n, seg\u00fan el caso, los siguientes:<\/p>\n<ul>\n<li>Datos de conexi\u00f3n, geolocalizaci\u00f3n y navegaci\u00f3n.<\/li>\n<li>Informaci\u00f3n comercial si estuviera suscrito a nuestra newsletter.<\/li>\n<\/ul>\n<p>Recuerde que, cuando le pidamos que rellene sus datos personales para darle acceso a alguna funcionalidad o servicio de la web, marcaremos algunos campos como obligatorios, puesto que son datos que necesitamos para poder prestarle el servicio o darle acceso a la funcionalidad en cuesti\u00f3n.<\/p>\n<p>Por favor, tenga en cuenta que, si decide no facilitarnos esos datos, es posible que no pueda completar su registro como usuario o que no pueda disfrutar de esos servicios o funcionalidades.<\/p>\n<h3><a name=\"_Toc530642025\"><\/a>\u00bfCON QU\u00c9 FINALIDAD TRATAMOS SUS DATOS PERSONALES?<\/h3>\n<p>Dependiendo de c\u00f3mo interact\u00fae con nuestra web, trataremos sus datos personales para las siguientes finalidades:<\/p>\n<ol>\n<li><strong>Para atender las solicitudes o peticiones que realice a trav\u00e9s de los distintos medios incorporados a nuestra web. <\/strong><\/li>\n<\/ol>\n<p>S\u00f3lo tratamos los datos personales que sean estrictamente necesarios para gestionar o resolver su solicitud o petici\u00f3n.<\/p>\n<ol>\n<li><strong>Para fines de marketing. <\/strong><\/li>\n<\/ol>\n<p>En la medida en que se suscriba a nuestra Newsletter, sus datos personales ser\u00e1n utilizados para la remisi\u00f3n peri\u00f3dica de boletines informativos de la empresa.<\/p>\n<p>Debe recordar que puede darse de baja de la Newsletter, en cualquier momento y sin coste, poni\u00e9ndose en contacto con nosotros a trav\u00e9s del correo electr\u00f3nico del responsable de tratamiento o siguiendo las indicaciones que le ofreceremos en cada una de nuestras comunicaciones.<\/p>\n<ol>\n<li><strong>Para la gesti\u00f3n de redes sociales<\/strong><\/li>\n<\/ol>\n<p>En el caso de que nos siga o nos contacte a trav\u00e9s de las diferentes redes sociales en las que estamos presentes, trataremos los datos que usted nos proporcione a trav\u00e9s de las mismas. con la \u00fanica finalidad de dar respuesta a sus mensajes o comentarios y la gesti\u00f3n de nuestra lista de contactos.<\/p>\n<ol>\n<li><strong>An\u00e1lisis de usabilidad y de calidad para la mejora de nuestros servicios (Cookies)<\/strong><\/li>\n<\/ol>\n<p>Si accede a nuestra Plataforma, le informamos de que trataremos sus datos de navegaci\u00f3n para fines anal\u00edticos y estad\u00edsticos, es decir, para entender la forma en la que los usuarios interact\u00faan con nuestra Plataforma y as\u00ed ser capaces de introducir mejoras en la misma. As\u00ed mismo, en ocasiones, realizamos acciones y encuestas de calidad destinadas a conocer el grado de satisfacci\u00f3n de nuestros clientes y usuarios y detectar aquellas \u00e1reas en las que podemos mejorar.<\/p>\n<h3><a name=\"_Toc530642026\"><\/a>\u00bfCU\u00c1L ES LA LEGITIMACI\u00d3N PARA EL TRATAMIENTO DE SUS DATOS?<\/h3>\n<p>La base legal que nos permite tratar sus datos personales tambi\u00e9n depende de la finalidad para la que los tratemos, de este modo encontraremos distintas bases legales en virtud de las siguientes finalidades:<\/p>\n<ol>\n<li><strong>\u00a0Atenci\u00f3n solicitudes de informaci\u00f3n.<\/strong><\/li>\n<\/ol>\n<p>La base legal para el tratamiento de sus datos ser\u00e1 el consentimiento informado para dar respuesta a las consultas planteadas a trav\u00e9s de la p\u00e1gina web, lo que supone la aceptaci\u00f3n de estas condiciones por parte del interesado.<\/p>\n<ol>\n<li><strong>Marketing.<\/strong><\/li>\n<\/ol>\n<p>La base leg\u00edtima para tratar sus datos con finalidades de marketing es el consentimiento que usted presta.<\/p>\n<ol start=\"3\">\n<li><strong>Redes sociales<\/strong><\/li>\n<\/ol>\n<p>La base de legitimaci\u00f3n es el consentimiento informado para dar respuesta a las consultas planteadas a trav\u00e9s de la red social, as\u00ed como el momento en el que nos sigue y desea forma parte de nuestra lista de contactos.<\/p>\n<ol>\n<li><strong>An\u00e1lisis de usabilidad y de calidad (Cookies)<\/strong><\/li>\n<\/ol>\n<p>Consentimiento del usuario para la implantaci\u00f3n de cookies.<\/p>\n<h3><a name=\"_Toc530642027\"><\/a>\u00bfDURANTE CU\u00c1NTO TIEMPO CONSERVAREMOS SUS DATOS?<\/h3>\n<ol>\n<li><strong>Solicitud de informaci\u00f3n.<\/strong><\/li>\n<\/ol>\n<p>Trataremos sus datos durante el tiempo que sea necesario para atender su solicitud o petici\u00f3n y posteriormente 1 a\u00f1o.<\/p>\n<ol>\n<li><strong>Marketing<\/strong><\/li>\n<\/ol>\n<p>Trataremos sus datos hasta que solicite la baja o cancele su suscripci\u00f3n a la newsletter.<\/p>\n<ol start=\"3\">\n<li><strong>Redes sociales<\/strong><\/li>\n<\/ol>\n<p>Trataremos sus datos durante el tiempo que sea necesario para atender su solicitud o petici\u00f3n y mientras sea seguidor de nuestro perfil.<\/p>\n<h3><a name=\"_Toc530642028\"><\/a>\u00bfCOMPARTIREMOS SUS DATOS CON TERCEROS?<\/h3>\n<p>Los datos personales no ser\u00e1n cedidos o comunicados a terceros, salvo: obligaci\u00f3n legal, obtengamos su consentimiento expreso o entendamos que existe un inter\u00e9s leg\u00edtimo por nuestra parte, que le ser\u00e1 debidamente comunicado.<\/p>\n<p>No obstante, le informamos que estamos presentes en las siguientes redes sociales.: Facebook, LinkedIn, Twitter e Instagram, para mantener a nuestros seguidores informados respecto de las novedades y servicios de la empresa.<\/p>\n<p>Usted puede acceder a estas redes sociales de manera voluntaria y a trav\u00e9s de los enlaces disponibles en la propia p\u00e1gina web o accediendo directamente y por su cuenta desde el navegador o app instalada.<\/p>\n<p>Debe saber, que este sitio web no se hace responsable del uso de los datos que estas redes sociales pueden realizar. Sin embargo, cuando estos datos se generen en la red social y deriven de una interacci\u00f3n con nuestra cuenta oficial, seremos corresponsables del tratamiento junto con la red social.<\/p>\n<p>Para poder consentir nuestra cesi\u00f3n desde este sitio web y el tratamiento que se realiza de sus datos, deber\u00e1 leer detenidamente la pol\u00edtica de privacidad de la red social a la que desee acceder:<\/p>\n<ul>\n<li>Facebook: <a href=\"https:\/\/es-es.facebook.com\/privacy\/explanation\">https:\/\/es-es.facebook.com\/privacy\/explanation<\/a><\/li>\n<li>LinkedIn: <a href=\"https:\/\/es.linkedin.com\/legal\/privacy-policy\">https:\/\/es.linkedin.com\/legal\/privacy-policy<\/a><\/li>\n<li>Instagram: https:\/\/about.instagram.com\/es-la\/safety<\/li>\n<li>Twitter: <a href=\"https:\/\/twitter.com\/es\/privacy\">https:\/\/twitter.com\/es\/privacy<\/a><\/li>\n<\/ul>\n<p>De esta manera, antes de pinchar en los logos de las RR. SS. presentes en nuestra p\u00e1gina web, puede informarse y realizar un redireccionamiento con previo conocimiento del tratamiento de sus datos y de manera voluntaria.<\/p>\n<p>Otros servicios tecnol\u00f3gicos:<\/p>\n<ul>\n<li>WhatsApp: <a href=\"https:\/\/www.whatsapp.com\/legal\/updates\/privacy-policy\/?lang=es\">https:\/\/www.whatsapp.com\/legal\/updates\/privacy-policy\/?lang=es<\/a><\/li>\n<li>Compa\u00f1\u00edas del \u201cgrupo\u201d sobre la base legal del inter\u00e9s leg\u00edtimo de Ab Living (Albir Center S.L., Albir Hills Resort S.A.U., Sha Clinic Mexico S.A., Caribbean Islands S.L.U., Resort S.L.U. Riviera Isla Maya S.A., Well Isla Mujeres S.A., Nopalitos S.L.U., Hotel Isla Mujeres S.L.U., Well Hotel And Wellnes S.L.U.).<\/li>\n<\/ul>\n<h3><a name=\"_Toc530642029\"><\/a>\u00bfCU\u00c1LES SON SUS DERECHOS CUANDO NOS FACILITA SUS DATOS?<\/h3>\n<p>Nos comprometemos a respetar la confidencialidad de sus datos personales y a garantizarle el ejercicio de sus derechos.<\/p>\n<p>Podr\u00e1 ejercitarlos sin coste alguno remiti\u00e9ndonos un correo electr\u00f3nico a nuestra direcci\u00f3n quality.executive@shawellnessclinic.com, simplemente indic\u00e1ndonos el motivo de su solicitud y el derecho que quiere ejercitar.<\/p>\n<p>En caso de que lo consideremos necesario para poder identificarle, podremos solicitarle copia de un documento acreditativo de su identidad. En particular, independientemente de la finalidad o la base legal en virtud de la que tratemos sus datos, usted tiene derecho a:<\/p>\n<p>Pedirnos acceso a los datos suyos de los que disponemos.<\/p>\n<p>Pedirnos que rectifiquemos los datos de los que ya disponemos. Tenga en cuenta que, al facilitarnos activamente sus datos personales por cualquier v\u00eda, garantiza que son ciertos y exactos y se comprometes a notificarnos cualquier cambio o modificaci\u00f3n de los mismos.<\/p>\n<p>Pedirnos que suprimamos sus datos en la medida en que ya no sean necesarios para la finalidad para los que necesitemos tratarlos seg\u00fan te hemos informado con anterioridad, o en que ya no contemos con legitimaci\u00f3n para hacerlo.<\/p>\n<p>Pedirnos que limitemos el tratamiento de sus datos, lo que supone que en determinados casos pueda solicitarnos que suspendamos temporalmente el tratamiento de los datos o que los conservemos m\u00e1s all\u00e1 del tiempo necesario cuando puedas necesitarlo. Si nos ha proporcionado su consentimiento para el tratamiento de sus datos para cualquier finalidad, tambi\u00e9n tiene derecho a retirarlo en cualquier momento.<\/p>\n<p>Recibir aquellos datos personales que le incumban y que nos haya facilitado, en un formato estructurado, de uso com\u00fan y lectura mec\u00e1nica, as\u00ed como a transmitirlos a otro responsable del tratamiento.<\/p>\n<p>Por otra parte, cuando el tratamiento de sus datos est\u00e9 basado en nuestro inter\u00e9s leg\u00edtimo, tambi\u00e9n tendr\u00e1s derecho a oponerte al tratamiento de sus datos.<\/p>\n<p>Por \u00faltimo, le informamos de su derecho a presentar una reclamaci\u00f3n ante la autoridad de control en materia de protecci\u00f3n de datos pertinente, en particular, ante la Agencia Espa\u00f1ola de Protecci\u00f3n de Datos <a href=\"https:\/\/www.agpd.es\/portalwebAGPD\/index-ides-idphp.php\">https:\/\/www.agpd.es\/portalwebAGPD\/index-ides-idphp.php<\/a><\/p>\n<h2><a name=\"_Toc530642030\"><\/a>CAMBIOS A LA POL\u00cdTICA DE PRIVACIDAD.<\/h2>\n<p>Es posible que modifiquemos la informaci\u00f3n contenida en esta Pol\u00edtica de Privacidad cuando lo estimemos conveniente. En caso de que lo hagamos, se lo notificaremos por distintas v\u00edas a trav\u00e9s de la Plataforma, o incluso se lo comunicaremos a su direcci\u00f3n de correo electr\u00f3nico cuando el cambio en cuesti\u00f3n sea significativo para con su privacidad, de manera que pueda revisar los cambios, valorarlos y, en su caso, oponerse o darse de baja en alg\u00fan servicio o funcionalidad.<\/p>\n<h2><a name=\"_Toc530642031\"><\/a>INFORMACI\u00d3N SOBRE COOKIES<\/h2>\n<p>Utilizamos cookies y dispositivos similares para facilitar su navegaci\u00f3n en la Plataforma, conocer c\u00f3mo interact\u00faa con nosotros y, en determinados casos, poder mostrarle publicidad en funci\u00f3n de sus h\u00e1bitos de navegaci\u00f3n. Por favor, lea nuestra <strong>Pol\u00edtica de Cookies<\/strong> para conocer con mayor detalle las cookies y dispositivos similares que usamos, su finalidad y otra informaci\u00f3n de inter\u00e9s.<\/p>\n<p><a href=\"#_Toc530642023\">\u00bfQUI\u00c9N ES EL RESPONSABLE DEL TRATAMIENTO DE SUS DATOS?<\/a><\/p>\n<p><a href=\"#_Toc530642024\">\u00bfQU\u00c9 TIPO DE DATOS TRATAMOS?<\/a><\/p>\n<p><a href=\"#_Toc530642025\">\u00bfCON QU\u00c9 FINALIDAD TRATAMOS SUS DATOS PERSONALES?<\/a><\/p>\n<p><a href=\"#_Toc530642026\">\u00bfCU\u00c1L ES LA LEGITIMACI\u00d3N PARA EL TRATAMIENTO DE SUS DATOS?<\/a><\/p>\n<p><a href=\"#_Toc530642027\">\u00bfDURANTE CU\u00c1NTO TIEMPO CONSERVAREMOS SUS DATOS?<\/a><\/p>\n<p><a href=\"#_Toc530642028\">\u00bfCOMPARTIREMOS SUS DATOS CON TERCEROS?<\/a><\/p>\n<p><a href=\"#_Toc530642029\">\u00bfCU\u00c1LES SON TUS DERECHOS CUANDO NOS FACILITA TUS DATOS?<\/a><\/p>\n<p><a href=\"#_Toc530642030\">CAMBIOS A LA POL\u00cdTICA DE PRIVACIDAD.<\/a><\/p>\n<p><a href=\"#_Toc530642031\">INFORMACI\u00d3N SOBRE COOKIES<\/a><\/p>\n","protected":false},"excerpt":{"rendered":"<p>AB Living le informa seguidamente de su pol\u00edtica de privacidad aplicada a los datos personales. El uso de la p\u00e1gina [&hellip;]<\/p>\n","protected":false},"author":3,"featured_media":0,"parent":0,"menu_order":0,"comment_status":"closed","ping_status":"closed","template":"","meta":{"inline_featured_image":false,"footnotes":""},"class_list":["post-52","page","type-page","status-publish","hentry"],"acf":[],"_links":{"self":[{"href":"https:\/\/abliving.com\/es\/wp-json\/wp\/v2\/pages\/52","targetHints":{"allow":["GET"]}}],"collection":[{"href":"https:\/\/abliving.com\/es\/wp-json\/wp\/v2\/pages"}],"about":[{"href":"https:\/\/abliving.com\/es\/wp-json\/wp\/v2\/types\/page"}],"author":[{"embeddable":true,"href":"https:\/\/abliving.com\/es\/wp-json\/wp\/v2\/users\/3"}],"replies":[{"embeddable":true,"href":"https:\/\/abliving.com\/es\/wp-json\/wp\/v2\/comments?post=52"}],"version-history":[{"count":6,"href":"https:\/\/abliving.com\/es\/wp-json\/wp\/v2\/pages\/52\/revisions"}],"predecessor-version":[{"id":1472,"href":"https:\/\/abliving.com\/es\/wp-json\/wp\/v2\/pages\/52\/revisions\/1472"}],"wp:attachment":[{"href":"https:\/\/abliving.com\/es\/wp-json\/wp\/v2\/media?parent=52"}],"curies":[{"name":"wp","href":"https:\/\/api.w.org\/{rel}","templated":true}]}}